{"id":10863,"date":"2024-04-26T09:26:00","date_gmt":"2024-04-26T07:26:00","guid":{"rendered":"https:\/\/www.driver.paris\/cgv\/"},"modified":"2025-11-24T17:20:22","modified_gmt":"2025-11-24T16:20:22","slug":"legal-notice-2","status":"publish","type":"page","link":"https:\/\/www.driver.paris\/en\/legal-notice-2\/","title":{"rendered":"Terms &#038; conditions"},"content":{"rendered":"\t\t<div data-elementor-type=\"wp-page\" data-elementor-id=\"10863\" class=\"elementor elementor-10863\">\n\t\t\t\t\t\t<section class=\"elementor-section elementor-top-section elementor-element elementor-element-8d254b5 elementor-section-boxed elementor-section-height-default elementor-section-height-default\" data-id=\"8d254b5\" data-element_type=\"section\" data-settings=\"{&quot;background_background&quot;:&quot;classic&quot;}\">\n\t\t\t\t\t\t\t<div class=\"elementor-background-overlay\"><\/div>\n\t\t\t\t\t\t\t<div class=\"elementor-container elementor-column-gap-default\">\n\t\t\t\t\t<div data-parallax=\"true\" data-parallax-options=\"{&quot;ease&quot;:[&quot;linear&quot;],&quot;start&quot;:&quot;top top&quot;,&quot;end&quot;:&quot;bottom+=0% top&quot;}\" data-parallax-from=\"{&quot;y&quot;:&quot;0px&quot;,&quot;opacity&quot;:1}\" data-parallax-to=\"{&quot;y&quot;:&quot;-40%&quot;,&quot;opacity&quot;:0}\" data-custom-animations=\"true\" data-ca-options=\"{&quot;addChildTimelines&quot;:false,&quot;animationTarget&quot;:&quot;:scope &gt; .elementor-widget-wrap &gt; .elementor-element &gt; .elementor-widget-container, :scope &gt; .elementor-widget-wrap &gt; .elementor-section &gt; .elementor-container &gt; .elementor-column &gt; .elementor-widget-wrap &gt; .elementor-element:not(.lqd-el-has-inner-anim) &gt; .elementor-widget-container, :scope &gt; .elementor-widget-wrap &gt; .elementor-widget-hub_fancy_heading .lqd-split-lines .lqd-lines .split-inner, :scope &gt; .elementor-widget-wrap &gt; .elementor-widget-hub_fancy_heading .lqd-split-words .lqd-words .split-inner, :scope &gt; .elementor-widget-wrap &gt; .elementor-widget-hub_fancy_heading .lqd-split-chars .lqd-chars .split-inner, :scope &gt; .elementor-widget-wrap &gt; .elementor-widget-ld_custom_menu .lqd-fancy-menu &gt; ul &gt; li&quot;,&quot;delay&quot;:70,&quot;ease&quot;:[&quot;power4.out&quot;],&quot;initValues&quot;:{&quot;x&quot;:&quot;-10px&quot;,&quot;y&quot;:&quot;10px&quot;,&quot;opacity&quot;:0},&quot;animations&quot;:{&quot;x&quot;:&quot;0px&quot;,&quot;y&quot;:&quot;0px&quot;,&quot;opacity&quot;:1}}\" class=\"elementor-column elementor-col-100 elementor-top-column elementor-element elementor-element-107c77f\" data-id=\"107c77f\" data-element_type=\"column\">\n\t\t\t<div class=\"elementor-widget-wrap elementor-element-populated\">\n\t\t\t\t\t\t<div class=\"elementor-element elementor-element-0ed7232 elementor-widget elementor-widget-hub_fancy_heading lqd-el-has-inner-anim\" data-id=\"0ed7232\" data-element_type=\"widget\" data-settings=\"{&quot;enable_split&quot;:&quot;true&quot;,&quot;split_type&quot;:&quot;words&quot;}\" data-widget_type=\"hub_fancy_heading.default\">\n\t\t\t\t<div class=\"elementor-widget-container\">\n\t\t\t\n\t\t<div id=\"ld-fancy-heading-69fde1c34d4b4\" class=\"ld-fancy-heading pos-rel\">\n\t\t\t<h2 class=\"ld-fh-element d-inline-block pos-rel  elementor-heading-title lqd-highlight-classic lqd-highlight-grow-left lqd-split-words h2\"  data-split-text=\"true\" data-split-options='{\"type\":\"words\"}'> General Terms and Conditions of Sale (GTCS)<\/h2>\t\t<\/div>\n\n\t\t\t\t<\/div>\n\t\t\t\t<\/div>\n\t\t\t\t\t<\/div>\n\t\t<\/div>\n\t\t\t\t\t<\/div>\n\t\t<\/section>\n\t\t<div class=\"elementor-element elementor-element-b9e141a e-flex e-con-boxed e-con e-parent\" data-id=\"b9e141a\" data-element_type=\"container\">\n\t\t\t\t\t<div class=\"e-con-inner\">\n\t\t\t\t<div class=\"elementor-element elementor-element-faf1217 elementor-widget elementor-widget-text-editor\" data-id=\"faf1217\" data-element_type=\"widget\" data-widget_type=\"text-editor.default\">\n\t\t\t\t<div class=\"elementor-widget-container\">\n\t\t\t<style>\/*! elementor - v3.23.0 - 25-07-2024 *\/\n.elementor-widget-text-editor.elementor-drop-cap-view-stacked .elementor-drop-cap{background-color:#69727d;color:#fff}.elementor-widget-text-editor.elementor-drop-cap-view-framed .elementor-drop-cap{color:#69727d;border:3px solid;background-color:transparent}.elementor-widget-text-editor:not(.elementor-drop-cap-view-default) .elementor-drop-cap{margin-top:8px}.elementor-widget-text-editor:not(.elementor-drop-cap-view-default) .elementor-drop-cap-letter{width:1em;height:1em}.elementor-widget-text-editor .elementor-drop-cap{float:left;text-align:center;line-height:1;font-size:50px}.elementor-widget-text-editor .elementor-drop-cap-letter{display:inline-block}<\/style>\t\t\t\t<h5>Preamble\n<\/h5>\nThese general terms and conditions of sale (GTCS) apply to all service agreements made on the website [https:\/\/driver.paris](https:\/\/driver.paris). The client acknowledges having read and accepted the GTCS before placing an order. The validation of the order signifies acceptance of the GTCS. Any modifications to the GTCS will be communicated to clients via the website.\t\t\t\t\t\t<\/div>\n\t\t\t\t<\/div>\n\t\t\t\t<div class=\"elementor-element elementor-element-0284140 elementor-widget elementor-widget-text-editor\" data-id=\"0284140\" data-element_type=\"widget\" data-widget_type=\"text-editor.default\">\n\t\t\t\t<div class=\"elementor-widget-container\">\n\t\t\t\t\t\t\t<h5>Article 1 &#8211; General Information\n<\/h5>\nThe website [https:\/\/driver.paris](https:\/\/driver.paris) is a service provided by the company Karline:  \n<ul>\n \t<li>8bis rue Abel, 75012 Paris<\/li>\n<li>+33 1 81 69 37 47<\/li>\n \t<li><a href=\"mailto:contact@driver.paris\">contact@driver.paris <\/a><\/li>\n<\/ul>\t\t\t\t\t\t<\/div>\n\t\t\t\t<\/div>\n\t\t\t\t<div class=\"elementor-element elementor-element-96b66cd elementor-widget elementor-widget-text-editor\" data-id=\"96b66cd\" data-element_type=\"widget\" data-widget_type=\"text-editor.default\">\n\t\t\t\t<div class=\"elementor-widget-container\">\n\t\t\t\t\t\t\t<h5>Article 2 \u2013 Definitions and Description of Activity<\/h5>\n<ul>\n \t<li>Seller: refers to the company Karline, providing vehicle rental services with driver via the website https:\/\/driver.paris\n<\/li>\n \t<li>Acheteur : d\u00e9signe toute personne physique ou morale proc\u00e9dant \u00e0 l&#8217;achat de services de location de v\u00e9hicules avec chauffeur propos\u00e9s par le Vendeur.<\/li>\n \t<li>Passager : d\u00e9signe toute personne physique b\u00e9n\u00e9ficiant des services de transport fournis par le Vendeur, suite \u00e0 une commande pass\u00e9e par l&#8217;Acheteur.<\/li>\n<\/ul>\nKarline propose des services de location de v\u00e9hicules avec chauffeur.\t\t\t\t\t\t<\/div>\n\t\t\t\t<\/div>\n\t\t\t\t<div class=\"elementor-element elementor-element-e74efee elementor-widget elementor-widget-text-editor\" data-id=\"e74efee\" data-element_type=\"widget\" data-widget_type=\"text-editor.default\">\n\t\t\t\t<div class=\"elementor-widget-container\">\n\t\t\t\t\t\t\t<h5>Article 3 \u2013 Quotations, Orders, and Validation\n<\/h5>\nEach service can be reserved in advance and is subject to a quotation. The buyer can make a reservation request via our online form, by email, or by phone. The prices communicated include VAT at a rate of 10% (subject to change according to legislative and\/or regulatory provisions). Quotations are valid for 1 day from their issuance. The order is considered final once the client validates the quotation provided by Karline. A booking confirmation is then sent to the client by email, including all details of the service (date, time, pick-up location, etc.). Up to this point, the order can be modified or canceled by the client according to the conditions specified in these GTCS.\n\t\t\t\t\t\t<\/div>\n\t\t\t\t<\/div>\n\t\t\t\t<div class=\"elementor-element elementor-element-0717ba4 elementor-widget elementor-widget-text-editor\" data-id=\"0717ba4\" data-element_type=\"widget\" data-widget_type=\"text-editor.default\">\n\t\t\t\t<div class=\"elementor-widget-container\">\n\t\t\t\t\t\t\t<h5>Article 4 &#8211; Payment Terms<\/h5>\nAll transport services are payable in advance, unless expressly agreed otherwise in writing. Accepted payment methods include: credit card (via Stripe, a secure platform), bank transfer, or cash on board. <br>Payments made by the buyer are considered final only after the sums due are effectively cashed by the service provider. Upon written acceptance by Karline, payments can be made in full at the end of the service. For clients recognized as \u201caccount clients,\u201d consumed services are invoiced monthly, payable upon receipt, sent at the end of the month of the execution date of the services. An invoice will be provided to the buyer upon simple request. In case of late payment, late penalties will be applied at the legal rate in force, along with a fixed compensation of \u20ac40 for recovery costs, in accordance with articles L.441-10 and D.441-5 of the Commercial Code.\n\t\t\t\t\t\t<\/div>\n\t\t\t\t<\/div>\n\t\t\t\t<div class=\"elementor-element elementor-element-f0e5b82 elementor-widget elementor-widget-text-editor\" data-id=\"f0e5b82\" data-element_type=\"widget\" data-widget_type=\"text-editor.default\">\n\t\t\t\t<div class=\"elementor-widget-container\">\n\t\t\t\t\t\t\t<h5>Article 5 \u2013 Withdrawal and Miscellaneous Fees<\/h5><p>The 14-day withdrawal period does not apply to the private chauffeur car rental service. If the order is canceled by the buyer and accepted by the seller, fees will be charged as follows:<\/p><ul><li>More than 72 hours before the service: no fee.<\/li><li>Between 36 and 72 hours before the service: 25% of the total amount.<\/li><li>Between 24 and 36 hours before the service: 50% of the total amount.<\/li><li>Less than 24 hours before the service: 100% of the total amount.<\/li><\/ul><p>For any cancellation of a credit card payment, the transaction fees charged by Stripe will be deducted from the refund.<\/p><p>If the passenger does not show up at the scheduled pick-up time, the service will be billed in full. Any waiting time not planned during the order and any additional hour not scheduled will be billed without the need for a quotation or validation by the client, in accordance with the acceptance of the GTCS. A grace period of 15 minutes is granted for waiting time, except for airport arrivals where a one-hour grace period is granted from the landing time. Any additional hour started is due.<\/p>\t\t\t\t\t\t<\/div>\n\t\t\t\t<\/div>\n\t\t\t\t<div class=\"elementor-element elementor-element-3038e70 elementor-widget elementor-widget-text-editor\" data-id=\"3038e70\" data-element_type=\"widget\" data-widget_type=\"text-editor.default\">\n\t\t\t\t<div class=\"elementor-widget-container\">\n\t\t\t\t\t\t\t<h5>Article 6 &#8211; Warranty and Responsibilities\n<\/h5>\nNo commercial warranty is offered beyond the legal warranty. Karline commits to providing services with diligence and professionalism, in compliance with the prevailing standards. However, Karline cannot be held responsible for delays or cancellations caused by circumstances beyond its control (e.g., adverse weather conditions, traffic difficulties, strikes, protests, etc.). <br>Karline shall not be held liable for indirect damages, such as loss of profit, loss of opportunity, damages, or expenses that may arise from the use of vehicle rental services with a driver. Karline shall not be held responsible for valuables left in the vehicles during the service, damage to materials, or personal items forgotten in the vehicle during the service. In case of a dispute, Karline&#8217;s liability will be limited to the amount of the concerned service.\n\t\t\t\t\t\t<\/div>\n\t\t\t\t<\/div>\n\t\t\t\t<div class=\"elementor-element elementor-element-76cc814 elementor-widget elementor-widget-text-editor\" data-id=\"76cc814\" data-element_type=\"widget\" data-widget_type=\"text-editor.default\">\n\t\t\t\t<div class=\"elementor-widget-container\">\n\t\t\t\t\t\t\t<h5>Article 7 &#8211; Mediation and Dispute Resolution\n<\/h5>\nIn the event of a dispute, the client may refer the matter to a consumer mediator for an amicable resolution. The mediator&#8217;s contact details will be provided upon request. For the definition of the competent jurisdiction, the seller elects domicile at 8bis rue Abel, 75012 Paris.\n\t\t\t\t\t\t<\/div>\n\t\t\t\t<\/div>\n\t\t\t\t<div class=\"elementor-element elementor-element-9018593 elementor-widget elementor-widget-text-editor\" data-id=\"9018593\" data-element_type=\"widget\" data-widget_type=\"text-editor.default\">\n\t\t\t\t<div class=\"elementor-widget-container\">\n\t\t\t\t\t\t\t<h5>Article 8 &#8211; Contract Language and Governing Law<\/h5>\nThese general terms and conditions of sale are written in French. In the event that they are translated into one or more foreign languages, only the French text will be deemed authentic in the event of a dispute. These general terms and conditions are subject to the application of French law.<br> This applies to both substantive and procedural rules. In the event of a dispute or claim, the buyer will first contact the seller to seek an amicable solution.\t\t\t\t\t\t<\/div>\n\t\t\t\t<\/div>\n\t\t\t\t<div class=\"elementor-element elementor-element-a8087f5 elementor-widget elementor-widget-text-editor\" data-id=\"a8087f5\" data-element_type=\"widget\" data-widget_type=\"text-editor.default\">\n\t\t\t\t<div class=\"elementor-widget-container\">\n\t\t\t\t\t\t\t<h5>Article 9 &#8211; Security and Damage\n<\/h5>\nThe driver is required to strictly adhere to the traffic regulations and must not violate the rules (speed limits, one-way streets, failure to yield), even at the request of the passengers, including in cases of extreme urgency. <br>Any damage to the vehicle&#8217;s interior or caused by the passenger will be charged to the buyer. In the event the vehicle is immobilized for repairs requiring more than one day, a minimum fee of \u20ac150.00 excluding tax will be charged, depending on the vehicle category. For safety reasons, clients are asked to let the driver open and close the doors.<br> Smoking is prohibited inside the vehicles, in accordance with the law of September 17, 1977. The driver will stop to allow smokers to relax if necessary. If the client uses narcotics, the driver will immediately stop the service, without any possibility of a refund. Animals are not allowed in our vehicles, except by prior agreement and if a cage or hermetically sealed container is provided.\n\t\t\t\t\t\t<\/div>\n\t\t\t\t<\/div>\n\t\t\t\t<div class=\"elementor-element elementor-element-079cea6 elementor-widget elementor-widget-text-editor\" data-id=\"079cea6\" data-element_type=\"widget\" data-widget_type=\"text-editor.default\">\n\t\t\t\t<div class=\"elementor-widget-container\">\n\t\t\t\t\t\t\t<h5>Article 10 &#8211; Confidentiality<\/h5>\nThe company Karline undertakes to respect the confidentiality of the personal data provided by the client on this website, in accordance with the French Data Protection Act n\u00b078-17 of January 6, 1978. Karline undertakes not to disclose to third parties the personal information provided by the client and to use it only for processing reservations. In accordance with the law, the client has the right to access, rectify, and delete data concerning them. These rights can be exercised by sending a request to Karline&#8217;s customer service.\n\t\t\t\t\t\t<\/div>\n\t\t\t\t<\/div>\n\t\t\t\t\t<\/div>\n\t\t\t\t<\/div>\n\t\t\t\t<\/div>\n\t\t","protected":false},"excerpt":{"rendered":"<p>General Terms and Conditions of Sale (GTCS) Preamble These general terms and conditions of sale (GTCS) apply to all service agreements made on the website [https:\/\/driver.paris](https:\/\/driver.paris). The client acknowledges having read and accepted the GTCS before placing an order. The validation of the order signifies acceptance of the GTCS. Any modifications to the GTCS will [&hellip;]<\/p>\n","protected":false},"author":1,"featured_media":0,"parent":0,"menu_order":0,"comment_status":"closed","ping_status":"closed","template":"","meta":{"footnotes":""},"class_list":["post-10863","page","type-page","status-publish","hentry"],"yoast_head":"<!-- This site is optimized with the Yoast SEO Premium plugin v20.3 (Yoast SEO v23.7) - https:\/\/yoast.com\/wordpress\/plugins\/seo\/ -->\n<title>Legal Notice | Driver.Paris by Karline<\/title>\n<meta name=\"description\" content=\"Consult the Legal Notice of Driver.Paris by Karline and find all the legal information regarding the use of the website and the services provided.\" \/>\n<meta name=\"robots\" content=\"index, follow, max-snippet:-1, max-image-preview:large, max-video-preview:-1\" \/>\n<link rel=\"canonical\" href=\"https:\/\/www.driver.paris\/en\/legal-notice-2\/\" \/>\n<meta property=\"og:locale\" content=\"en_US\" \/>\n<meta property=\"og:type\" content=\"article\" \/>\n<meta property=\"og:title\" content=\"Terms &amp; conditions\" \/>\n<meta property=\"og:description\" content=\"Consult the Legal Notice of Driver.Paris by Karline and find all the legal information regarding the use of the website and the services provided.\" \/>\n<meta property=\"og:url\" content=\"https:\/\/www.driver.paris\/en\/legal-notice-2\/\" \/>\n<meta property=\"og:site_name\" content=\"Karline\" \/>\n<meta property=\"article:modified_time\" content=\"2025-11-24T16:20:22+00:00\" \/>\n<meta name=\"twitter:card\" content=\"summary_large_image\" \/>\n<meta name=\"twitter:label1\" content=\"Est. reading time\" \/>\n\t<meta name=\"twitter:data1\" content=\"6 minutes\" \/>\n<script type=\"application\/ld+json\" class=\"yoast-schema-graph\">{\"@context\":\"https:\/\/schema.org\",\"@graph\":[{\"@type\":\"WebPage\",\"@id\":\"https:\/\/www.driver.paris\/en\/legal-notice-2\/\",\"url\":\"https:\/\/www.driver.paris\/en\/legal-notice-2\/\",\"name\":\"Legal Notice | Driver.Paris by Karline\",\"isPartOf\":{\"@id\":\"https:\/\/www.driver.paris\/#website\"},\"datePublished\":\"2024-04-26T07:26:00+00:00\",\"dateModified\":\"2025-11-24T16:20:22+00:00\",\"description\":\"Consult the Legal Notice of Driver.Paris by Karline and find all the legal information regarding the use of the website and the services provided.\",\"breadcrumb\":{\"@id\":\"https:\/\/www.driver.paris\/en\/legal-notice-2\/#breadcrumb\"},\"inLanguage\":\"en-US\",\"potentialAction\":[{\"@type\":\"ReadAction\",\"target\":[\"https:\/\/www.driver.paris\/en\/legal-notice-2\/\"]}]},{\"@type\":\"BreadcrumbList\",\"@id\":\"https:\/\/www.driver.paris\/en\/legal-notice-2\/#breadcrumb\",\"itemListElement\":[{\"@type\":\"ListItem\",\"position\":1,\"name\":\"Home\",\"item\":\"https:\/\/www.driver.paris\/en\/\"},{\"@type\":\"ListItem\",\"position\":2,\"name\":\"Terms &#038; conditions\"}]},{\"@type\":\"WebSite\",\"@id\":\"https:\/\/www.driver.paris\/#website\",\"url\":\"https:\/\/www.driver.paris\/\",\"name\":\"Driver.Paris by Karline\",\"description\":\"Driver.Paris\",\"alternateName\":\"Karline\",\"potentialAction\":[{\"@type\":\"SearchAction\",\"target\":{\"@type\":\"EntryPoint\",\"urlTemplate\":\"https:\/\/www.driver.paris\/?s={search_term_string}\"},\"query-input\":{\"@type\":\"PropertyValueSpecification\",\"valueRequired\":true,\"valueName\":\"search_term_string\"}}],\"inLanguage\":\"en-US\"}]}<\/script>\n<!-- \/ Yoast SEO Premium plugin. -->","yoast_head_json":{"title":"Legal Notice | Driver.Paris by Karline","description":"Consult the Legal Notice of Driver.Paris by Karline and find all the legal information regarding the use of the website and the services provided.","robots":{"index":"index","follow":"follow","max-snippet":"max-snippet:-1","max-image-preview":"max-image-preview:large","max-video-preview":"max-video-preview:-1"},"canonical":"https:\/\/www.driver.paris\/en\/legal-notice-2\/","og_locale":"en_US","og_type":"article","og_title":"Terms & conditions","og_description":"Consult the Legal Notice of Driver.Paris by Karline and find all the legal information regarding the use of the website and the services provided.","og_url":"https:\/\/www.driver.paris\/en\/legal-notice-2\/","og_site_name":"Karline","article_modified_time":"2025-11-24T16:20:22+00:00","twitter_card":"summary_large_image","twitter_misc":{"Est. reading time":"6 minutes"},"schema":{"@context":"https:\/\/schema.org","@graph":[{"@type":"WebPage","@id":"https:\/\/www.driver.paris\/en\/legal-notice-2\/","url":"https:\/\/www.driver.paris\/en\/legal-notice-2\/","name":"Legal Notice | Driver.Paris by Karline","isPartOf":{"@id":"https:\/\/www.driver.paris\/#website"},"datePublished":"2024-04-26T07:26:00+00:00","dateModified":"2025-11-24T16:20:22+00:00","description":"Consult the Legal Notice of Driver.Paris by Karline and find all the legal information regarding the use of the website and the services provided.","breadcrumb":{"@id":"https:\/\/www.driver.paris\/en\/legal-notice-2\/#breadcrumb"},"inLanguage":"en-US","potentialAction":[{"@type":"ReadAction","target":["https:\/\/www.driver.paris\/en\/legal-notice-2\/"]}]},{"@type":"BreadcrumbList","@id":"https:\/\/www.driver.paris\/en\/legal-notice-2\/#breadcrumb","itemListElement":[{"@type":"ListItem","position":1,"name":"Home","item":"https:\/\/www.driver.paris\/en\/"},{"@type":"ListItem","position":2,"name":"Terms &#038; conditions"}]},{"@type":"WebSite","@id":"https:\/\/www.driver.paris\/#website","url":"https:\/\/www.driver.paris\/","name":"Driver.Paris by Karline","description":"Driver.Paris","alternateName":"Karline","potentialAction":[{"@type":"SearchAction","target":{"@type":"EntryPoint","urlTemplate":"https:\/\/www.driver.paris\/?s={search_term_string}"},"query-input":{"@type":"PropertyValueSpecification","valueRequired":true,"valueName":"search_term_string"}}],"inLanguage":"en-US"}]}},"_links":{"self":[{"href":"https:\/\/www.driver.paris\/en\/wp-json\/wp\/v2\/pages\/10863"}],"collection":[{"href":"https:\/\/www.driver.paris\/en\/wp-json\/wp\/v2\/pages"}],"about":[{"href":"https:\/\/www.driver.paris\/en\/wp-json\/wp\/v2\/types\/page"}],"author":[{"embeddable":true,"href":"https:\/\/www.driver.paris\/en\/wp-json\/wp\/v2\/users\/1"}],"replies":[{"embeddable":true,"href":"https:\/\/www.driver.paris\/en\/wp-json\/wp\/v2\/comments?post=10863"}],"version-history":[{"count":26,"href":"https:\/\/www.driver.paris\/en\/wp-json\/wp\/v2\/pages\/10863\/revisions"}],"predecessor-version":[{"id":13102,"href":"https:\/\/www.driver.paris\/en\/wp-json\/wp\/v2\/pages\/10863\/revisions\/13102"}],"wp:attachment":[{"href":"https:\/\/www.driver.paris\/en\/wp-json\/wp\/v2\/media?parent=10863"}],"curies":[{"name":"wp","href":"https:\/\/api.w.org\/{rel}","templated":true}]}}