{"id":10931,"date":"2024-05-24T16:08:44","date_gmt":"2024-05-24T14:08:44","guid":{"rendered":"https:\/\/www.driver.paris\/chateau-de-versailles\/"},"modified":"2025-10-08T10:56:09","modified_gmt":"2025-10-08T08:56:09","slug":"private-chauffeur-service-palace-of-versailles","status":"publish","type":"page","link":"https:\/\/www.driver.paris\/en\/private-chauffeur-service-palace-of-versailles\/","title":{"rendered":"Palace of Versailles"},"content":{"rendered":"\t\t<div data-elementor-type=\"wp-page\" data-elementor-id=\"10931\" class=\"elementor elementor-10931\">\n\t\t\t\t\t\t<section class=\"elementor-section elementor-top-section elementor-element elementor-element-19d512b9 elementor-section-boxed elementor-section-height-default elementor-section-height-default\" data-id=\"19d512b9\" data-element_type=\"section\" data-settings=\"{&quot;background_background&quot;:&quot;classic&quot;}\">\n\t\t\t\t\t\t\t<div class=\"elementor-background-overlay\"><\/div>\n\t\t\t\t\t\t\t<div class=\"elementor-container elementor-column-gap-default\">\n\t\t\t\t\t<div data-parallax=\"true\" data-parallax-options=\"{&quot;ease&quot;:[&quot;linear&quot;],&quot;start&quot;:&quot;top top&quot;,&quot;end&quot;:&quot;bottom+=0% top&quot;}\" data-parallax-from=\"{&quot;y&quot;:&quot;0px&quot;,&quot;opacity&quot;:1}\" data-parallax-to=\"{&quot;y&quot;:&quot;-40%&quot;,&quot;opacity&quot;:0}\" data-custom-animations=\"true\" data-ca-options=\"{&quot;addChildTimelines&quot;:false,&quot;animationTarget&quot;:&quot;:scope &gt; .elementor-widget-wrap &gt; .elementor-element &gt; .elementor-widget-container, :scope &gt; .elementor-widget-wrap &gt; .elementor-section &gt; .elementor-container &gt; .elementor-column &gt; .elementor-widget-wrap &gt; .elementor-element:not(.lqd-el-has-inner-anim) &gt; .elementor-widget-container, :scope &gt; .elementor-widget-wrap &gt; .elementor-widget-hub_fancy_heading .lqd-split-lines .lqd-lines .split-inner, :scope &gt; .elementor-widget-wrap &gt; .elementor-widget-hub_fancy_heading .lqd-split-words .lqd-words .split-inner, :scope &gt; .elementor-widget-wrap &gt; .elementor-widget-hub_fancy_heading .lqd-split-chars .lqd-chars .split-inner, :scope &gt; .elementor-widget-wrap &gt; .elementor-widget-ld_custom_menu .lqd-fancy-menu &gt; ul &gt; li&quot;,&quot;delay&quot;:70,&quot;ease&quot;:[&quot;power4.out&quot;],&quot;initValues&quot;:{&quot;x&quot;:&quot;-10px&quot;,&quot;y&quot;:&quot;10px&quot;,&quot;opacity&quot;:0},&quot;animations&quot;:{&quot;x&quot;:&quot;0px&quot;,&quot;y&quot;:&quot;0px&quot;,&quot;opacity&quot;:1}}\" class=\"elementor-column elementor-col-100 elementor-top-column elementor-element elementor-element-33a4bbe1\" data-id=\"33a4bbe1\" data-element_type=\"column\">\n\t\t\t<div class=\"elementor-widget-wrap elementor-element-populated\">\n\t\t\t\t\t\t<div class=\"elementor-element elementor-element-3fcfa495 elementor-widget elementor-widget-hub_fancy_heading lqd-el-has-inner-anim\" data-id=\"3fcfa495\" data-element_type=\"widget\" data-settings=\"{&quot;enable_split&quot;:&quot;true&quot;,&quot;split_type&quot;:&quot;words&quot;}\" data-widget_type=\"hub_fancy_heading.default\">\n\t\t\t\t<div class=\"elementor-widget-container\">\n\t\t\t\n\t\t<div id=\"ld-fancy-heading-69fde120a5020\" class=\"ld-fancy-heading pos-rel\">\n\t\t\t<h2 class=\"ld-fh-element d-inline-block pos-rel  elementor-heading-title lqd-highlight-classic lqd-highlight-grow-left lqd-split-words h2\"  data-split-text=\"true\" data-split-options='{\"type\":\"words\"}'> Palace of Versailles  <\/h2>\t\t<\/div>\n\n\t\t\t\t<\/div>\n\t\t\t\t<\/div>\n\t\t\t\t<div class=\"elementor-element elementor-element-55bc28c5 elementor-widget elementor-widget-text-editor\" data-id=\"55bc28c5\" data-element_type=\"widget\" data-widget_type=\"text-editor.default\">\n\t\t\t\t<div class=\"elementor-widget-container\">\n\t\t\t<style>\/*! elementor - v3.23.0 - 25-07-2024 *\/\n.elementor-widget-text-editor.elementor-drop-cap-view-stacked .elementor-drop-cap{background-color:#69727d;color:#fff}.elementor-widget-text-editor.elementor-drop-cap-view-framed .elementor-drop-cap{color:#69727d;border:3px solid;background-color:transparent}.elementor-widget-text-editor:not(.elementor-drop-cap-view-default) .elementor-drop-cap{margin-top:8px}.elementor-widget-text-editor:not(.elementor-drop-cap-view-default) .elementor-drop-cap-letter{width:1em;height:1em}.elementor-widget-text-editor .elementor-drop-cap{float:left;text-align:center;line-height:1;font-size:50px}.elementor-widget-text-editor .elementor-drop-cap-letter{display:inline-block}<\/style>\t\t\t\tDiscover the Palace of Versailles with our chauffeur service\t\t\t\t\t\t<\/div>\n\t\t\t\t<\/div>\n\t\t\t\t\t<\/div>\n\t\t<\/div>\n\t\t\t\t\t<\/div>\n\t\t<\/section>\n\t\t\t\t<section class=\"elementor-section elementor-top-section elementor-element elementor-element-22246d7d elementor-hidden-desktop elementor-hidden-tablet elementor-hidden-mobile elementor-section-boxed elementor-section-height-default elementor-section-height-default\" data-id=\"22246d7d\" data-element_type=\"section\">\n\t\t\t\t\t\t<div class=\"elementor-container elementor-column-gap-default\">\n\t\t\t\t\t<div class=\"elementor-column elementor-col-100 elementor-top-column elementor-element elementor-element-6fc2fff8\" data-id=\"6fc2fff8\" data-element_type=\"column\" data-settings=\"{&quot;background_background&quot;:&quot;classic&quot;}\">\n\t\t\t<div class=\"elementor-widget-wrap elementor-element-populated\">\n\t\t\t\t\t\t<div class=\"elementor-element elementor-element-9f54c5b elementor-widget elementor-widget-html\" data-id=\"9f54c5b\" data-element_type=\"widget\" data-widget_type=\"html.default\">\n\t\t\t\t<div class=\"elementor-widget-container\">\n\t\t\t<div attr=\"sp-container-standard\" id=\"sp-container-standard\" src=\"https:\/\/driverparis.spondei.com\/s\/VUhvi0gBJBk=\" height=\"900\" width=\"100%\" type=\"inline\" btncolor=\"#53585d\"><\/div><script src=\"https:\/\/app.spondei.com\/assets\/js\/embedCode.js\"><\/script>\t\t<\/div>\n\t\t\t\t<\/div>\n\t\t\t\t\t<\/div>\n\t\t<\/div>\n\t\t\t\t\t<\/div>\n\t\t<\/section>\n\t\t\t\t<section class=\"elementor-section elementor-top-section elementor-element elementor-element-40c1f3a elementor-section-boxed elementor-section-height-default elementor-section-height-default\" data-id=\"40c1f3a\" data-element_type=\"section\">\n\t\t\t\t\t\t<div class=\"elementor-container elementor-column-gap-default\">\n\t\t\t\t\t<div class=\"elementor-column elementor-col-100 elementor-top-column elementor-element elementor-element-899000a\" data-id=\"899000a\" data-element_type=\"column\" data-settings=\"{&quot;background_background&quot;:&quot;classic&quot;}\">\n\t\t\t<div class=\"elementor-widget-wrap elementor-element-populated\">\n\t\t\t\t\t\t<div class=\"elementor-element elementor-element-4b6ccd0 elementor-widget elementor-widget-html\" data-id=\"4b6ccd0\" data-element_type=\"widget\" data-widget_type=\"html.default\">\n\t\t\t\t<div class=\"elementor-widget-container\">\n\t\t\t<div attr=\"sp-container-standard\" id=\"sp-container-standard\" src=\"https:\/\/driverparis.spondei.com\/s\/VUhvi0gBJBk=\" height=\"900\" width=\"100%\" type=\"inline\" btncolor=\"#53585d\"><\/div><script src=\"https:\/\/app.spondei.com\/assets\/js\/embedCode.js\"><\/script>\t\t<\/div>\n\t\t\t\t<\/div>\n\t\t\t\t\t<\/div>\n\t\t<\/div>\n\t\t\t\t\t<\/div>\n\t\t<\/section>\n\t\t\t\t<\/div>\n\t\t","protected":false},"excerpt":{"rendered":"<p>Palace of Versailles Discover the Palace of Versailles with our chauffeur service<\/p>\n","protected":false},"author":1,"featured_media":10600,"parent":0,"menu_order":0,"comment_status":"closed","ping_status":"closed","template":"","meta":{"footnotes":""},"class_list":["post-10931","page","type-page","status-publish","has-post-thumbnail","hentry"],"yoast_head":"<!-- This site is optimized with the Yoast SEO Premium plugin v20.3 (Yoast SEO v23.7) - https:\/\/yoast.com\/wordpress\/plugins\/seo\/ -->\n<title>Car with Chauffeur Service to Visit the Palace of Versailles<\/title>\n<meta name=\"description\" content=\"Book a Car with Chauffeur Service to visit the Palace of Versailles and Enjoy a High-End Chauffeur Service.\" \/>\n<meta name=\"robots\" content=\"index, follow, max-snippet:-1, max-image-preview:large, max-video-preview:-1\" \/>\n<link rel=\"canonical\" href=\"https:\/\/www.driver.paris\/service-chauffeur-prive-chateau-de-versailles\/\" \/>\n<meta property=\"og:locale\" content=\"en_US\" \/>\n<meta property=\"og:type\" content=\"article\" \/>\n<meta property=\"og:title\" content=\"Palace of Versailles\" \/>\n<meta property=\"og:description\" content=\"Book a Car with Chauffeur Service to visit the Palace of Versailles and Enjoy a High-End Chauffeur Service.\" \/>\n<meta property=\"og:url\" content=\"https:\/\/www.driver.paris\/service-chauffeur-prive-chateau-de-versailles\/\" \/>\n<meta property=\"og:site_name\" content=\"Karline\" \/>\n<meta property=\"article:modified_time\" content=\"2025-10-08T08:56:09+00:00\" \/>\n<meta property=\"og:image\" content=\"https:\/\/www.driver.paris\/wp-content\/uploads\/2024\/06\/Chateau-de-Versailles-min-1024x683.jpeg\" \/>\n\t<meta property=\"og:image:width\" content=\"1024\" \/>\n\t<meta property=\"og:image:height\" content=\"683\" \/>\n\t<meta property=\"og:image:type\" content=\"image\/jpeg\" \/>\n<meta name=\"twitter:card\" content=\"summary_large_image\" \/>\n<meta name=\"twitter:label1\" content=\"Est. reading time\" \/>\n\t<meta name=\"twitter:data1\" content=\"1 minute\" \/>\n<script type=\"application\/ld+json\" class=\"yoast-schema-graph\">{\"@context\":\"https:\/\/schema.org\",\"@graph\":[{\"@type\":\"WebPage\",\"@id\":\"https:\/\/www.driver.paris\/service-chauffeur-prive-chateau-de-versailles\/\",\"url\":\"https:\/\/www.driver.paris\/service-chauffeur-prive-chateau-de-versailles\/\",\"name\":\"Car with Chauffeur Service to Visit the Palace of Versailles\",\"isPartOf\":{\"@id\":\"https:\/\/www.driver.paris\/#website\"},\"primaryImageOfPage\":{\"@id\":\"https:\/\/www.driver.paris\/service-chauffeur-prive-chateau-de-versailles\/#primaryimage\"},\"image\":{\"@id\":\"https:\/\/www.driver.paris\/service-chauffeur-prive-chateau-de-versailles\/#primaryimage\"},\"thumbnailUrl\":\"https:\/\/www.driver.paris\/wp-content\/uploads\/2024\/06\/Chateau-de-Versailles-min.jpeg\",\"datePublished\":\"2024-05-24T14:08:44+00:00\",\"dateModified\":\"2025-10-08T08:56:09+00:00\",\"description\":\"Book a Car with Chauffeur Service to visit the Palace of Versailles and Enjoy a High-End Chauffeur Service.\",\"breadcrumb\":{\"@id\":\"https:\/\/www.driver.paris\/service-chauffeur-prive-chateau-de-versailles\/#breadcrumb\"},\"inLanguage\":\"en-US\",\"potentialAction\":[{\"@type\":\"ReadAction\",\"target\":[\"https:\/\/www.driver.paris\/service-chauffeur-prive-chateau-de-versailles\/\"]}]},{\"@type\":\"ImageObject\",\"inLanguage\":\"en-US\",\"@id\":\"https:\/\/www.driver.paris\/service-chauffeur-prive-chateau-de-versailles\/#primaryimage\",\"url\":\"https:\/\/www.driver.paris\/wp-content\/uploads\/2024\/06\/Chateau-de-Versailles-min.jpeg\",\"contentUrl\":\"https:\/\/www.driver.paris\/wp-content\/uploads\/2024\/06\/Chateau-de-Versailles-min.jpeg\",\"width\":6000,\"height\":4002,\"caption\":\"Ch\u00e2teau de Versailles pour une visite haut de gamme en toute \u00e9l\u00e9gance et confort gr\u00e2ce \u00e0 un service de chauffeur priv\u00e9.\"},{\"@type\":\"BreadcrumbList\",\"@id\":\"https:\/\/www.driver.paris\/service-chauffeur-prive-chateau-de-versailles\/#breadcrumb\",\"itemListElement\":[{\"@type\":\"ListItem\",\"position\":1,\"name\":\"Home\",\"item\":\"https:\/\/www.driver.paris\/en\/\"},{\"@type\":\"ListItem\",\"position\":2,\"name\":\"Palace of Versailles\"}]},{\"@type\":\"WebSite\",\"@id\":\"https:\/\/www.driver.paris\/#website\",\"url\":\"https:\/\/www.driver.paris\/\",\"name\":\"Driver.Paris by Karline\",\"description\":\"Driver.Paris\",\"alternateName\":\"Karline\",\"potentialAction\":[{\"@type\":\"SearchAction\",\"target\":{\"@type\":\"EntryPoint\",\"urlTemplate\":\"https:\/\/www.driver.paris\/?s={search_term_string}\"},\"query-input\":{\"@type\":\"PropertyValueSpecification\",\"valueRequired\":true,\"valueName\":\"search_term_string\"}}],\"inLanguage\":\"en-US\"}]}<\/script>\n<!-- \/ Yoast SEO Premium plugin. -->","yoast_head_json":{"title":"Car with Chauffeur Service to Visit the Palace of Versailles","description":"Book a Car with Chauffeur Service to visit the Palace of Versailles and Enjoy a High-End Chauffeur Service.","robots":{"index":"index","follow":"follow","max-snippet":"max-snippet:-1","max-image-preview":"max-image-preview:large","max-video-preview":"max-video-preview:-1"},"canonical":"https:\/\/www.driver.paris\/service-chauffeur-prive-chateau-de-versailles\/","og_locale":"en_US","og_type":"article","og_title":"Palace of Versailles","og_description":"Book a Car with Chauffeur Service to visit the Palace of Versailles and Enjoy a High-End Chauffeur Service.","og_url":"https:\/\/www.driver.paris\/service-chauffeur-prive-chateau-de-versailles\/","og_site_name":"Karline","article_modified_time":"2025-10-08T08:56:09+00:00","og_image":[{"width":1024,"height":683,"url":"https:\/\/www.driver.paris\/wp-content\/uploads\/2024\/06\/Chateau-de-Versailles-min-1024x683.jpeg","type":"image\/jpeg"}],"twitter_card":"summary_large_image","twitter_misc":{"Est. reading time":"1 minute"},"schema":{"@context":"https:\/\/schema.org","@graph":[{"@type":"WebPage","@id":"https:\/\/www.driver.paris\/service-chauffeur-prive-chateau-de-versailles\/","url":"https:\/\/www.driver.paris\/service-chauffeur-prive-chateau-de-versailles\/","name":"Car with Chauffeur Service to Visit the Palace of Versailles","isPartOf":{"@id":"https:\/\/www.driver.paris\/#website"},"primaryImageOfPage":{"@id":"https:\/\/www.driver.paris\/service-chauffeur-prive-chateau-de-versailles\/#primaryimage"},"image":{"@id":"https:\/\/www.driver.paris\/service-chauffeur-prive-chateau-de-versailles\/#primaryimage"},"thumbnailUrl":"https:\/\/www.driver.paris\/wp-content\/uploads\/2024\/06\/Chateau-de-Versailles-min.jpeg","datePublished":"2024-05-24T14:08:44+00:00","dateModified":"2025-10-08T08:56:09+00:00","description":"Book a Car with Chauffeur Service to visit the Palace of Versailles and Enjoy a High-End Chauffeur Service.","breadcrumb":{"@id":"https:\/\/www.driver.paris\/service-chauffeur-prive-chateau-de-versailles\/#breadcrumb"},"inLanguage":"en-US","potentialAction":[{"@type":"ReadAction","target":["https:\/\/www.driver.paris\/service-chauffeur-prive-chateau-de-versailles\/"]}]},{"@type":"ImageObject","inLanguage":"en-US","@id":"https:\/\/www.driver.paris\/service-chauffeur-prive-chateau-de-versailles\/#primaryimage","url":"https:\/\/www.driver.paris\/wp-content\/uploads\/2024\/06\/Chateau-de-Versailles-min.jpeg","contentUrl":"https:\/\/www.driver.paris\/wp-content\/uploads\/2024\/06\/Chateau-de-Versailles-min.jpeg","width":6000,"height":4002,"caption":"Ch\u00e2teau de Versailles pour une visite haut de gamme en toute \u00e9l\u00e9gance et confort gr\u00e2ce \u00e0 un service de chauffeur priv\u00e9."},{"@type":"BreadcrumbList","@id":"https:\/\/www.driver.paris\/service-chauffeur-prive-chateau-de-versailles\/#breadcrumb","itemListElement":[{"@type":"ListItem","position":1,"name":"Home","item":"https:\/\/www.driver.paris\/en\/"},{"@type":"ListItem","position":2,"name":"Palace of Versailles"}]},{"@type":"WebSite","@id":"https:\/\/www.driver.paris\/#website","url":"https:\/\/www.driver.paris\/","name":"Driver.Paris by Karline","description":"Driver.Paris","alternateName":"Karline","potentialAction":[{"@type":"SearchAction","target":{"@type":"EntryPoint","urlTemplate":"https:\/\/www.driver.paris\/?s={search_term_string}"},"query-input":{"@type":"PropertyValueSpecification","valueRequired":true,"valueName":"search_term_string"}}],"inLanguage":"en-US"}]}},"_links":{"self":[{"href":"https:\/\/www.driver.paris\/en\/wp-json\/wp\/v2\/pages\/10931"}],"collection":[{"href":"https:\/\/www.driver.paris\/en\/wp-json\/wp\/v2\/pages"}],"about":[{"href":"https:\/\/www.driver.paris\/en\/wp-json\/wp\/v2\/types\/page"}],"author":[{"embeddable":true,"href":"https:\/\/www.driver.paris\/en\/wp-json\/wp\/v2\/users\/1"}],"replies":[{"embeddable":true,"href":"https:\/\/www.driver.paris\/en\/wp-json\/wp\/v2\/comments?post=10931"}],"version-history":[{"count":20,"href":"https:\/\/www.driver.paris\/en\/wp-json\/wp\/v2\/pages\/10931\/revisions"}],"predecessor-version":[{"id":12903,"href":"https:\/\/www.driver.paris\/en\/wp-json\/wp\/v2\/pages\/10931\/revisions\/12903"}],"wp:featuredmedia":[{"embeddable":true,"href":"https:\/\/www.driver.paris\/en\/wp-json\/wp\/v2\/media\/10600"}],"wp:attachment":[{"href":"https:\/\/www.driver.paris\/en\/wp-json\/wp\/v2\/media?parent=10931"}],"curies":[{"name":"wp","href":"https:\/\/api.w.org\/{rel}","templated":true}]}}