{"id":11829,"date":"2024-07-19T12:17:34","date_gmt":"2024-07-19T10:17:34","guid":{"rendered":"https:\/\/www.driver.paris\/aeroport-de-paris-charles-de-gaulle\/"},"modified":"2025-10-08T10:50:13","modified_gmt":"2025-10-08T08:50:13","slug":"paris-charles-de-gaulle-airport","status":"publish","type":"page","link":"https:\/\/www.driver.paris\/en\/paris-charles-de-gaulle-airport\/","title":{"rendered":"A\u00e9roport de Paris Charles-de-Gaulle"},"content":{"rendered":"\t\t<div data-elementor-type=\"wp-page\" data-elementor-id=\"11829\" class=\"elementor elementor-11829\">\n\t\t\t\t\t\t<section class=\"elementor-section elementor-top-section elementor-element elementor-element-8f7287a elementor-section-boxed elementor-section-height-default elementor-section-height-default\" data-id=\"8f7287a\" data-element_type=\"section\" data-settings=\"{&quot;background_background&quot;:&quot;classic&quot;}\">\n\t\t\t\t\t\t\t<div class=\"elementor-background-overlay\"><\/div>\n\t\t\t\t\t\t\t<div class=\"elementor-container elementor-column-gap-default\">\n\t\t\t\t\t<div data-parallax=\"true\" data-parallax-options=\"{&quot;ease&quot;:[&quot;linear&quot;],&quot;start&quot;:&quot;top top&quot;,&quot;end&quot;:&quot;bottom+=0% top&quot;}\" data-parallax-from=\"{&quot;y&quot;:&quot;0px&quot;,&quot;opacity&quot;:1}\" data-parallax-to=\"{&quot;y&quot;:&quot;-40%&quot;,&quot;opacity&quot;:0}\" data-custom-animations=\"true\" data-ca-options=\"{&quot;addChildTimelines&quot;:false,&quot;animationTarget&quot;:&quot;:scope &gt; .elementor-widget-wrap &gt; .elementor-element &gt; .elementor-widget-container, :scope &gt; .elementor-widget-wrap &gt; .elementor-section &gt; .elementor-container &gt; .elementor-column &gt; .elementor-widget-wrap &gt; .elementor-element:not(.lqd-el-has-inner-anim) &gt; .elementor-widget-container, :scope &gt; .elementor-widget-wrap &gt; .elementor-widget-hub_fancy_heading .lqd-split-lines .lqd-lines .split-inner, :scope &gt; .elementor-widget-wrap &gt; .elementor-widget-hub_fancy_heading .lqd-split-words .lqd-words .split-inner, :scope &gt; .elementor-widget-wrap &gt; .elementor-widget-hub_fancy_heading .lqd-split-chars .lqd-chars .split-inner, :scope &gt; .elementor-widget-wrap &gt; .elementor-widget-ld_custom_menu .lqd-fancy-menu &gt; ul &gt; li&quot;,&quot;delay&quot;:70,&quot;ease&quot;:[&quot;power4.out&quot;],&quot;initValues&quot;:{&quot;x&quot;:&quot;-10px&quot;,&quot;y&quot;:&quot;10px&quot;,&quot;opacity&quot;:0},&quot;animations&quot;:{&quot;x&quot;:&quot;0px&quot;,&quot;y&quot;:&quot;0px&quot;,&quot;opacity&quot;:1}}\" class=\"elementor-column elementor-col-100 elementor-top-column elementor-element elementor-element-0649d6b\" data-id=\"0649d6b\" data-element_type=\"column\">\n\t\t\t<div class=\"elementor-widget-wrap elementor-element-populated\">\n\t\t\t\t\t\t<div class=\"elementor-element elementor-element-fa11e6e elementor-widget elementor-widget-hub_fancy_heading lqd-el-has-inner-anim\" data-id=\"fa11e6e\" data-element_type=\"widget\" data-settings=\"{&quot;enable_split&quot;:&quot;true&quot;,&quot;split_type&quot;:&quot;words&quot;}\" data-widget_type=\"hub_fancy_heading.default\">\n\t\t\t\t<div class=\"elementor-widget-container\">\n\t\t\t\n\t\t<div id=\"ld-fancy-heading-69fde1d73afba\" class=\"ld-fancy-heading pos-rel\">\n\t\t\t<h2 class=\"ld-fh-element d-inline-block pos-rel  elementor-heading-title lqd-highlight-classic lqd-highlight-grow-left lqd-split-words h2\"  data-split-text=\"true\" data-split-options='{\"type\":\"words\"}'> Paris Charles-de-Gaulle airport<\/h2>\t\t<\/div>\n\n\t\t\t\t<\/div>\n\t\t\t\t<\/div>\n\t\t\t\t\t<\/div>\n\t\t<\/div>\n\t\t\t\t\t<\/div>\n\t\t<\/section>\n\t\t\t\t<section class=\"elementor-section elementor-top-section elementor-element elementor-element-c7a1878 elementor-hidden-desktop elementor-hidden-tablet elementor-hidden-mobile elementor-section-boxed elementor-section-height-default elementor-section-height-default\" data-id=\"c7a1878\" data-element_type=\"section\">\n\t\t\t\t\t\t<div class=\"elementor-container elementor-column-gap-default\">\n\t\t\t\t\t<div class=\"elementor-column elementor-col-100 elementor-top-column elementor-element elementor-element-70cdcee\" data-id=\"70cdcee\" data-element_type=\"column\" data-settings=\"{&quot;background_background&quot;:&quot;classic&quot;}\">\n\t\t\t<div class=\"elementor-widget-wrap elementor-element-populated\">\n\t\t\t\t\t\t<div class=\"elementor-element elementor-element-ee3a1cb elementor-widget elementor-widget-html\" data-id=\"ee3a1cb\" data-element_type=\"widget\" data-widget_type=\"html.default\">\n\t\t\t\t<div class=\"elementor-widget-container\">\n\t\t\t<div attr=\"sp-container-standard\" id=\"sp-container-standard\"\nsrc=\"https:\/\/driverparis.spondei.com\/s\/VUhvi0gBJBk=\" height=\"900\"\nwidth=\"100%\" type=\"inline\" btncolor=\"#53585d\"><\/div><script\nsrc=\"https:\/\/app.spondei.com\/assets\/js\/embedCode.js\"><\/script>\t\t<\/div>\n\t\t\t\t<\/div>\n\t\t\t\t\t<\/div>\n\t\t<\/div>\n\t\t\t\t\t<\/div>\n\t\t<\/section>\n\t\t\t\t<section class=\"elementor-section elementor-top-section elementor-element elementor-element-111e89f elementor-section-boxed elementor-section-height-default elementor-section-height-default\" data-id=\"111e89f\" data-element_type=\"section\">\n\t\t\t\t\t\t<div class=\"elementor-container elementor-column-gap-default\">\n\t\t\t\t\t<div class=\"elementor-column elementor-col-100 elementor-top-column elementor-element elementor-element-a9481e8\" data-id=\"a9481e8\" data-element_type=\"column\" data-settings=\"{&quot;background_background&quot;:&quot;classic&quot;}\">\n\t\t\t<div class=\"elementor-widget-wrap elementor-element-populated\">\n\t\t\t\t\t\t<div class=\"elementor-element elementor-element-5ed6efd elementor-widget elementor-widget-html\" data-id=\"5ed6efd\" data-element_type=\"widget\" data-widget_type=\"html.default\">\n\t\t\t\t<div class=\"elementor-widget-container\">\n\t\t\t<div attr=\"sp-container-standard\" id=\"sp-container-standard\"\nsrc=\"https:\/\/driverparis.spondei.com\/s\/VUhvi0gBJBk=\" height=\"900\"\nwidth=\"100%\" type=\"inline\" btncolor=\"#53585d\"><\/div><script\nsrc=\"https:\/\/app.spondei.com\/assets\/js\/embedCode.js\"><\/script>\t\t<\/div>\n\t\t\t\t<\/div>\n\t\t\t\t\t<\/div>\n\t\t<\/div>\n\t\t\t\t\t<\/div>\n\t\t<\/section>\n\t\t\t\t<\/div>\n\t\t","protected":false},"excerpt":{"rendered":"<p>Paris Charles-de-Gaulle airport<\/p>\n","protected":false},"author":1,"featured_media":10496,"parent":0,"menu_order":0,"comment_status":"closed","ping_status":"closed","template":"","meta":{"footnotes":""},"class_list":["post-11829","page","type-page","status-publish","has-post-thumbnail","hentry"],"yoast_head":"<!-- This site is optimized with the Yoast SEO Premium plugin v20.3 (Yoast SEO v23.7) - https:\/\/yoast.com\/wordpress\/plugins\/seo\/ -->\n<title>Paris-Charles de Gaulle airport transfers (Roissy CDG)<\/title>\n<meta name=\"description\" content=\"Rent a Car with Private Chauffeur for your Transfers to and from Paris-Charles de Gaulle Airport (Roissy CDG)\" \/>\n<meta name=\"robots\" content=\"index, follow, max-snippet:-1, max-image-preview:large, max-video-preview:-1\" \/>\n<link rel=\"canonical\" href=\"https:\/\/www.driver.paris\/chauffeur-prive-cdg\/\" \/>\n<meta property=\"og:locale\" content=\"en_US\" \/>\n<meta property=\"og:type\" content=\"article\" \/>\n<meta property=\"og:title\" content=\"A\u00e9roport de Paris Charles-de-Gaulle\" \/>\n<meta property=\"og:description\" content=\"Rent a Car with Private Chauffeur for your Transfers to and from Paris-Charles de Gaulle Airport (Roissy CDG)\" \/>\n<meta property=\"og:url\" content=\"https:\/\/www.driver.paris\/chauffeur-prive-cdg\/\" \/>\n<meta property=\"og:site_name\" content=\"Karline\" \/>\n<meta property=\"article:modified_time\" content=\"2025-10-08T08:50:13+00:00\" \/>\n<meta property=\"og:image\" content=\"https:\/\/www.driver.paris\/wp-content\/uploads\/2024\/06\/\u2014-TRANSFERTS-DEPUIS-ET-VERS-LES-AEROPORTS-ET-GARES-DE-PARIS-ET-SA-REGION-1024x557.jpg\" \/>\n\t<meta property=\"og:image:width\" content=\"1024\" \/>\n\t<meta property=\"og:image:height\" content=\"557\" \/>\n\t<meta property=\"og:image:type\" content=\"image\/jpeg\" \/>\n<meta name=\"twitter:card\" content=\"summary_large_image\" \/>\n<meta name=\"twitter:label1\" content=\"Est. reading time\" \/>\n\t<meta name=\"twitter:data1\" content=\"1 minute\" \/>\n<script type=\"application\/ld+json\" class=\"yoast-schema-graph\">{\"@context\":\"https:\/\/schema.org\",\"@graph\":[{\"@type\":\"WebPage\",\"@id\":\"https:\/\/www.driver.paris\/chauffeur-prive-cdg\/\",\"url\":\"https:\/\/www.driver.paris\/chauffeur-prive-cdg\/\",\"name\":\"Paris-Charles de Gaulle airport transfers (Roissy CDG)\",\"isPartOf\":{\"@id\":\"https:\/\/www.driver.paris\/#website\"},\"primaryImageOfPage\":{\"@id\":\"https:\/\/www.driver.paris\/chauffeur-prive-cdg\/#primaryimage\"},\"image\":{\"@id\":\"https:\/\/www.driver.paris\/chauffeur-prive-cdg\/#primaryimage\"},\"thumbnailUrl\":\"https:\/\/www.driver.paris\/wp-content\/uploads\/2024\/06\/\u2014-TRANSFERTS-DEPUIS-ET-VERS-LES-AEROPORTS-ET-GARES-DE-PARIS-ET-SA-REGION.jpg\",\"datePublished\":\"2024-07-19T10:17:34+00:00\",\"dateModified\":\"2025-10-08T08:50:13+00:00\",\"description\":\"Rent a Car with Private Chauffeur for your Transfers to and from Paris-Charles de Gaulle Airport (Roissy CDG)\",\"breadcrumb\":{\"@id\":\"https:\/\/www.driver.paris\/chauffeur-prive-cdg\/#breadcrumb\"},\"inLanguage\":\"en-US\",\"potentialAction\":[{\"@type\":\"ReadAction\",\"target\":[\"https:\/\/www.driver.paris\/chauffeur-prive-cdg\/\"]}]},{\"@type\":\"ImageObject\",\"inLanguage\":\"en-US\",\"@id\":\"https:\/\/www.driver.paris\/chauffeur-prive-cdg\/#primaryimage\",\"url\":\"https:\/\/www.driver.paris\/wp-content\/uploads\/2024\/06\/\u2014-TRANSFERTS-DEPUIS-ET-VERS-LES-AEROPORTS-ET-GARES-DE-PARIS-ET-SA-REGION.jpg\",\"contentUrl\":\"https:\/\/www.driver.paris\/wp-content\/uploads\/2024\/06\/\u2014-TRANSFERTS-DEPUIS-ET-VERS-LES-AEROPORTS-ET-GARES-DE-PARIS-ET-SA-REGION.jpg\",\"width\":4581,\"height\":2492,\"caption\":\"Vue de l'a\u00e9roport Charles de Gaulle (CDG) \u00e0 Paris, point de d\u00e9part pour un service de transfert priv\u00e9 avec chauffeur.\"},{\"@type\":\"BreadcrumbList\",\"@id\":\"https:\/\/www.driver.paris\/chauffeur-prive-cdg\/#breadcrumb\",\"itemListElement\":[{\"@type\":\"ListItem\",\"position\":1,\"name\":\"Home\",\"item\":\"https:\/\/www.driver.paris\/en\/\"},{\"@type\":\"ListItem\",\"position\":2,\"name\":\"A\u00e9roport de Paris Charles-de-Gaulle\"}]},{\"@type\":\"WebSite\",\"@id\":\"https:\/\/www.driver.paris\/#website\",\"url\":\"https:\/\/www.driver.paris\/\",\"name\":\"Driver.Paris by Karline\",\"description\":\"Driver.Paris\",\"alternateName\":\"Karline\",\"potentialAction\":[{\"@type\":\"SearchAction\",\"target\":{\"@type\":\"EntryPoint\",\"urlTemplate\":\"https:\/\/www.driver.paris\/?s={search_term_string}\"},\"query-input\":{\"@type\":\"PropertyValueSpecification\",\"valueRequired\":true,\"valueName\":\"search_term_string\"}}],\"inLanguage\":\"en-US\"}]}<\/script>\n<!-- \/ Yoast SEO Premium plugin. -->","yoast_head_json":{"title":"Paris-Charles de Gaulle airport transfers (Roissy CDG)","description":"Rent a Car with Private Chauffeur for your Transfers to and from Paris-Charles de Gaulle Airport (Roissy CDG)","robots":{"index":"index","follow":"follow","max-snippet":"max-snippet:-1","max-image-preview":"max-image-preview:large","max-video-preview":"max-video-preview:-1"},"canonical":"https:\/\/www.driver.paris\/chauffeur-prive-cdg\/","og_locale":"en_US","og_type":"article","og_title":"A\u00e9roport de Paris Charles-de-Gaulle","og_description":"Rent a Car with Private Chauffeur for your Transfers to and from Paris-Charles de Gaulle Airport (Roissy CDG)","og_url":"https:\/\/www.driver.paris\/chauffeur-prive-cdg\/","og_site_name":"Karline","article_modified_time":"2025-10-08T08:50:13+00:00","og_image":[{"width":1024,"height":557,"url":"https:\/\/www.driver.paris\/wp-content\/uploads\/2024\/06\/\u2014-TRANSFERTS-DEPUIS-ET-VERS-LES-AEROPORTS-ET-GARES-DE-PARIS-ET-SA-REGION-1024x557.jpg","type":"image\/jpeg"}],"twitter_card":"summary_large_image","twitter_misc":{"Est. reading time":"1 minute"},"schema":{"@context":"https:\/\/schema.org","@graph":[{"@type":"WebPage","@id":"https:\/\/www.driver.paris\/chauffeur-prive-cdg\/","url":"https:\/\/www.driver.paris\/chauffeur-prive-cdg\/","name":"Paris-Charles de Gaulle airport transfers (Roissy CDG)","isPartOf":{"@id":"https:\/\/www.driver.paris\/#website"},"primaryImageOfPage":{"@id":"https:\/\/www.driver.paris\/chauffeur-prive-cdg\/#primaryimage"},"image":{"@id":"https:\/\/www.driver.paris\/chauffeur-prive-cdg\/#primaryimage"},"thumbnailUrl":"https:\/\/www.driver.paris\/wp-content\/uploads\/2024\/06\/\u2014-TRANSFERTS-DEPUIS-ET-VERS-LES-AEROPORTS-ET-GARES-DE-PARIS-ET-SA-REGION.jpg","datePublished":"2024-07-19T10:17:34+00:00","dateModified":"2025-10-08T08:50:13+00:00","description":"Rent a Car with Private Chauffeur for your Transfers to and from Paris-Charles de Gaulle Airport (Roissy CDG)","breadcrumb":{"@id":"https:\/\/www.driver.paris\/chauffeur-prive-cdg\/#breadcrumb"},"inLanguage":"en-US","potentialAction":[{"@type":"ReadAction","target":["https:\/\/www.driver.paris\/chauffeur-prive-cdg\/"]}]},{"@type":"ImageObject","inLanguage":"en-US","@id":"https:\/\/www.driver.paris\/chauffeur-prive-cdg\/#primaryimage","url":"https:\/\/www.driver.paris\/wp-content\/uploads\/2024\/06\/\u2014-TRANSFERTS-DEPUIS-ET-VERS-LES-AEROPORTS-ET-GARES-DE-PARIS-ET-SA-REGION.jpg","contentUrl":"https:\/\/www.driver.paris\/wp-content\/uploads\/2024\/06\/\u2014-TRANSFERTS-DEPUIS-ET-VERS-LES-AEROPORTS-ET-GARES-DE-PARIS-ET-SA-REGION.jpg","width":4581,"height":2492,"caption":"Vue de l'a\u00e9roport Charles de Gaulle (CDG) \u00e0 Paris, point de d\u00e9part pour un service de transfert priv\u00e9 avec chauffeur."},{"@type":"BreadcrumbList","@id":"https:\/\/www.driver.paris\/chauffeur-prive-cdg\/#breadcrumb","itemListElement":[{"@type":"ListItem","position":1,"name":"Home","item":"https:\/\/www.driver.paris\/en\/"},{"@type":"ListItem","position":2,"name":"A\u00e9roport de Paris Charles-de-Gaulle"}]},{"@type":"WebSite","@id":"https:\/\/www.driver.paris\/#website","url":"https:\/\/www.driver.paris\/","name":"Driver.Paris by Karline","description":"Driver.Paris","alternateName":"Karline","potentialAction":[{"@type":"SearchAction","target":{"@type":"EntryPoint","urlTemplate":"https:\/\/www.driver.paris\/?s={search_term_string}"},"query-input":{"@type":"PropertyValueSpecification","valueRequired":true,"valueName":"search_term_string"}}],"inLanguage":"en-US"}]}},"_links":{"self":[{"href":"https:\/\/www.driver.paris\/en\/wp-json\/wp\/v2\/pages\/11829"}],"collection":[{"href":"https:\/\/www.driver.paris\/en\/wp-json\/wp\/v2\/pages"}],"about":[{"href":"https:\/\/www.driver.paris\/en\/wp-json\/wp\/v2\/types\/page"}],"author":[{"embeddable":true,"href":"https:\/\/www.driver.paris\/en\/wp-json\/wp\/v2\/users\/1"}],"replies":[{"embeddable":true,"href":"https:\/\/www.driver.paris\/en\/wp-json\/wp\/v2\/comments?post=11829"}],"version-history":[{"count":25,"href":"https:\/\/www.driver.paris\/en\/wp-json\/wp\/v2\/pages\/11829\/revisions"}],"predecessor-version":[{"id":12894,"href":"https:\/\/www.driver.paris\/en\/wp-json\/wp\/v2\/pages\/11829\/revisions\/12894"}],"wp:featuredmedia":[{"embeddable":true,"href":"https:\/\/www.driver.paris\/en\/wp-json\/wp\/v2\/media\/10496"}],"wp:attachment":[{"href":"https:\/\/www.driver.paris\/en\/wp-json\/wp\/v2\/media?parent=11829"}],"curies":[{"name":"wp","href":"https:\/\/api.w.org\/{rel}","templated":true}]}}