{"id":11831,"date":"2024-07-19T12:53:29","date_gmt":"2024-07-19T10:53:29","guid":{"rendered":"https:\/\/www.driver.paris\/aeroport-paris-cdg\/"},"modified":"2025-10-08T10:46:06","modified_gmt":"2025-10-08T08:46:06","slug":"car-chauffeur-cdg-airport","status":"publish","type":"page","link":"https:\/\/www.driver.paris\/en\/car-chauffeur-cdg-airport\/","title":{"rendered":"A\u00e9roport Paris CDG"},"content":{"rendered":"\t\t<div data-elementor-type=\"wp-page\" data-elementor-id=\"11831\" class=\"elementor elementor-11831\">\n\t\t\t\t\t\t<section class=\"elementor-section elementor-top-section elementor-element elementor-element-e1ba5d3 elementor-section-boxed elementor-section-height-default elementor-section-height-default\" data-id=\"e1ba5d3\" data-element_type=\"section\" data-settings=\"{&quot;background_background&quot;:&quot;classic&quot;}\">\n\t\t\t\t\t\t\t<div class=\"elementor-background-overlay\"><\/div>\n\t\t\t\t\t\t\t<div class=\"elementor-container elementor-column-gap-default\">\n\t\t\t\t\t<div data-parallax=\"true\" data-parallax-options=\"{&quot;ease&quot;:[&quot;linear&quot;],&quot;start&quot;:&quot;top top&quot;,&quot;end&quot;:&quot;bottom+=0% top&quot;}\" data-parallax-from=\"{&quot;y&quot;:&quot;0px&quot;,&quot;opacity&quot;:1}\" data-parallax-to=\"{&quot;y&quot;:&quot;-40%&quot;,&quot;opacity&quot;:0}\" data-custom-animations=\"true\" data-ca-options=\"{&quot;addChildTimelines&quot;:false,&quot;animationTarget&quot;:&quot;:scope &gt; .elementor-widget-wrap &gt; .elementor-element &gt; .elementor-widget-container, :scope &gt; .elementor-widget-wrap &gt; .elementor-section &gt; .elementor-container &gt; .elementor-column &gt; .elementor-widget-wrap &gt; .elementor-element:not(.lqd-el-has-inner-anim) &gt; .elementor-widget-container, :scope &gt; .elementor-widget-wrap &gt; .elementor-widget-hub_fancy_heading .lqd-split-lines .lqd-lines .split-inner, :scope &gt; .elementor-widget-wrap &gt; .elementor-widget-hub_fancy_heading .lqd-split-words .lqd-words .split-inner, :scope &gt; .elementor-widget-wrap &gt; .elementor-widget-hub_fancy_heading .lqd-split-chars .lqd-chars .split-inner, :scope &gt; .elementor-widget-wrap &gt; .elementor-widget-ld_custom_menu .lqd-fancy-menu &gt; ul &gt; li&quot;,&quot;delay&quot;:70,&quot;ease&quot;:[&quot;power4.out&quot;],&quot;initValues&quot;:{&quot;x&quot;:&quot;-10px&quot;,&quot;y&quot;:&quot;10px&quot;,&quot;opacity&quot;:0},&quot;animations&quot;:{&quot;x&quot;:&quot;0px&quot;,&quot;y&quot;:&quot;0px&quot;,&quot;opacity&quot;:1}}\" class=\"elementor-column elementor-col-100 elementor-top-column elementor-element elementor-element-a1e538c\" data-id=\"a1e538c\" data-element_type=\"column\">\n\t\t\t<div class=\"elementor-widget-wrap elementor-element-populated\">\n\t\t\t\t\t\t<div class=\"elementor-element elementor-element-bcc737f elementor-widget elementor-widget-hub_fancy_heading lqd-el-has-inner-anim\" data-id=\"bcc737f\" data-element_type=\"widget\" data-settings=\"{&quot;enable_split&quot;:&quot;true&quot;,&quot;split_type&quot;:&quot;words&quot;}\" data-widget_type=\"hub_fancy_heading.default\">\n\t\t\t\t<div class=\"elementor-widget-container\">\n\t\t\t\n\t\t<div id=\"ld-fancy-heading-69fde1d57cc18\" class=\"ld-fancy-heading pos-rel\">\n\t\t\t<h2 class=\"ld-fh-element d-inline-block pos-rel  elementor-heading-title lqd-highlight-classic lqd-highlight-grow-left lqd-split-words h2\"  data-split-text=\"true\" data-split-options='{\"type\":\"words\"}'> Paris CDG airport<\/h2>\t\t<\/div>\n\n\t\t\t\t<\/div>\n\t\t\t\t<\/div>\n\t\t\t\t\t<\/div>\n\t\t<\/div>\n\t\t\t\t\t<\/div>\n\t\t<\/section>\n\t\t\t\t<section class=\"elementor-section elementor-top-section elementor-element elementor-element-5bf0cc9 elementor-hidden-desktop elementor-hidden-tablet elementor-hidden-mobile elementor-section-boxed elementor-section-height-default elementor-section-height-default\" data-id=\"5bf0cc9\" data-element_type=\"section\">\n\t\t\t\t\t\t<div class=\"elementor-container elementor-column-gap-default\">\n\t\t\t\t\t<div class=\"elementor-column elementor-col-100 elementor-top-column elementor-element elementor-element-d875c6c\" data-id=\"d875c6c\" data-element_type=\"column\" data-settings=\"{&quot;background_background&quot;:&quot;classic&quot;}\">\n\t\t\t<div class=\"elementor-widget-wrap elementor-element-populated\">\n\t\t\t\t\t\t<div class=\"elementor-element elementor-element-d3214aa elementor-widget elementor-widget-html\" data-id=\"d3214aa\" data-element_type=\"widget\" data-widget_type=\"html.default\">\n\t\t\t\t<div class=\"elementor-widget-container\">\n\t\t\t<div attr=\"sp-container-standard\" id=\"sp-container-standard\"\nsrc=\"https:\/\/driverparis.spondei.com\/s\/VUhvi0gBJBk=\" height=\"900\"\nwidth=\"100%\" type=\"inline\" btncolor=\"#53585d\"><\/div><script\nsrc=\"https:\/\/app.spondei.com\/assets\/js\/embedCode.js\"><\/script>\t\t<\/div>\n\t\t\t\t<\/div>\n\t\t\t\t\t<\/div>\n\t\t<\/div>\n\t\t\t\t\t<\/div>\n\t\t<\/section>\n\t\t\t\t<section class=\"elementor-section elementor-top-section elementor-element elementor-element-7eeb38a elementor-section-boxed elementor-section-height-default elementor-section-height-default\" data-id=\"7eeb38a\" data-element_type=\"section\">\n\t\t\t\t\t\t<div class=\"elementor-container elementor-column-gap-default\">\n\t\t\t\t\t<div class=\"elementor-column elementor-col-100 elementor-top-column elementor-element elementor-element-5d7e42b\" data-id=\"5d7e42b\" data-element_type=\"column\" data-settings=\"{&quot;background_background&quot;:&quot;classic&quot;}\">\n\t\t\t<div class=\"elementor-widget-wrap elementor-element-populated\">\n\t\t\t\t\t\t<div class=\"elementor-element elementor-element-7f0dc04 elementor-widget elementor-widget-html\" data-id=\"7f0dc04\" data-element_type=\"widget\" data-widget_type=\"html.default\">\n\t\t\t\t<div class=\"elementor-widget-container\">\n\t\t\t<div attr=\"sp-container-standard\" id=\"sp-container-standard\"\nsrc=\"https:\/\/driverparis.spondei.com\/s\/VUhvi0gBJBk=\" height=\"900\"\nwidth=\"100%\" type=\"inline\" btncolor=\"#53585d\"><\/div><script\nsrc=\"https:\/\/app.spondei.com\/assets\/js\/embedCode.js\"><\/script>\t\t<\/div>\n\t\t\t\t<\/div>\n\t\t\t\t\t<\/div>\n\t\t<\/div>\n\t\t\t\t\t<\/div>\n\t\t<\/section>\n\t\t\t\t<\/div>\n\t\t","protected":false},"excerpt":{"rendered":"<p>Paris CDG airport<\/p>\n","protected":false},"author":1,"featured_media":10496,"parent":0,"menu_order":0,"comment_status":"closed","ping_status":"closed","template":"","meta":{"footnotes":""},"class_list":["post-11831","page","type-page","status-publish","has-post-thumbnail","hentry"],"yoast_head":"<!-- This site is optimized with the Yoast SEO Premium plugin v20.3 (Yoast SEO v23.7) - https:\/\/yoast.com\/wordpress\/plugins\/seo\/ -->\n<title>Car with Chauffeur for Paris CDG Airport<\/title>\n<meta name=\"description\" content=\"Book a Car with Chauffeur for your transfers to or from CDG Airport. Enjoy a High-End Transportation Service to or from Paris\u2019 main international airport.\" \/>\n<meta name=\"robots\" content=\"index, follow, max-snippet:-1, max-image-preview:large, max-video-preview:-1\" \/>\n<link rel=\"canonical\" href=\"https:\/\/www.driver.paris\/transfert-aeroport-paris-cdg\/\" \/>\n<meta property=\"og:locale\" content=\"en_US\" \/>\n<meta property=\"og:type\" content=\"article\" \/>\n<meta property=\"og:title\" content=\"A\u00e9roport Paris CDG\" \/>\n<meta property=\"og:description\" content=\"Book a Car with Chauffeur for your transfers to or from CDG Airport. Enjoy a High-End Transportation Service to or from Paris\u2019 main international airport.\" \/>\n<meta property=\"og:url\" content=\"https:\/\/www.driver.paris\/transfert-aeroport-paris-cdg\/\" \/>\n<meta property=\"og:site_name\" content=\"Karline\" \/>\n<meta property=\"article:modified_time\" content=\"2025-10-08T08:46:06+00:00\" \/>\n<meta property=\"og:image\" content=\"https:\/\/www.driver.paris\/wp-content\/uploads\/2024\/06\/\u2014-TRANSFERTS-DEPUIS-ET-VERS-LES-AEROPORTS-ET-GARES-DE-PARIS-ET-SA-REGION-1024x557.jpg\" \/>\n\t<meta property=\"og:image:width\" content=\"1024\" \/>\n\t<meta property=\"og:image:height\" content=\"557\" \/>\n\t<meta property=\"og:image:type\" content=\"image\/jpeg\" \/>\n<meta name=\"twitter:card\" content=\"summary_large_image\" \/>\n<meta name=\"twitter:label1\" content=\"Est. reading time\" \/>\n\t<meta name=\"twitter:data1\" content=\"1 minute\" \/>\n<script type=\"application\/ld+json\" class=\"yoast-schema-graph\">{\"@context\":\"https:\/\/schema.org\",\"@graph\":[{\"@type\":\"WebPage\",\"@id\":\"https:\/\/www.driver.paris\/transfert-aeroport-paris-cdg\/\",\"url\":\"https:\/\/www.driver.paris\/transfert-aeroport-paris-cdg\/\",\"name\":\"Car with Chauffeur for Paris CDG Airport\",\"isPartOf\":{\"@id\":\"https:\/\/www.driver.paris\/#website\"},\"primaryImageOfPage\":{\"@id\":\"https:\/\/www.driver.paris\/transfert-aeroport-paris-cdg\/#primaryimage\"},\"image\":{\"@id\":\"https:\/\/www.driver.paris\/transfert-aeroport-paris-cdg\/#primaryimage\"},\"thumbnailUrl\":\"https:\/\/www.driver.paris\/wp-content\/uploads\/2024\/06\/\u2014-TRANSFERTS-DEPUIS-ET-VERS-LES-AEROPORTS-ET-GARES-DE-PARIS-ET-SA-REGION.jpg\",\"datePublished\":\"2024-07-19T10:53:29+00:00\",\"dateModified\":\"2025-10-08T08:46:06+00:00\",\"description\":\"Book a Car with Chauffeur for your transfers to or from CDG Airport. Enjoy a High-End Transportation Service to or from Paris\u2019 main international airport.\",\"breadcrumb\":{\"@id\":\"https:\/\/www.driver.paris\/transfert-aeroport-paris-cdg\/#breadcrumb\"},\"inLanguage\":\"en-US\",\"potentialAction\":[{\"@type\":\"ReadAction\",\"target\":[\"https:\/\/www.driver.paris\/transfert-aeroport-paris-cdg\/\"]}]},{\"@type\":\"ImageObject\",\"inLanguage\":\"en-US\",\"@id\":\"https:\/\/www.driver.paris\/transfert-aeroport-paris-cdg\/#primaryimage\",\"url\":\"https:\/\/www.driver.paris\/wp-content\/uploads\/2024\/06\/\u2014-TRANSFERTS-DEPUIS-ET-VERS-LES-AEROPORTS-ET-GARES-DE-PARIS-ET-SA-REGION.jpg\",\"contentUrl\":\"https:\/\/www.driver.paris\/wp-content\/uploads\/2024\/06\/\u2014-TRANSFERTS-DEPUIS-ET-VERS-LES-AEROPORTS-ET-GARES-DE-PARIS-ET-SA-REGION.jpg\",\"width\":4581,\"height\":2492,\"caption\":\"Vue de l'a\u00e9roport Charles de Gaulle (CDG) \u00e0 Paris, point de d\u00e9part pour un service de transfert priv\u00e9 avec chauffeur.\"},{\"@type\":\"BreadcrumbList\",\"@id\":\"https:\/\/www.driver.paris\/transfert-aeroport-paris-cdg\/#breadcrumb\",\"itemListElement\":[{\"@type\":\"ListItem\",\"position\":1,\"name\":\"Home\",\"item\":\"https:\/\/www.driver.paris\/en\/\"},{\"@type\":\"ListItem\",\"position\":2,\"name\":\"A\u00e9roport Paris CDG\"}]},{\"@type\":\"WebSite\",\"@id\":\"https:\/\/www.driver.paris\/#website\",\"url\":\"https:\/\/www.driver.paris\/\",\"name\":\"Driver.Paris by Karline\",\"description\":\"Driver.Paris\",\"alternateName\":\"Karline\",\"potentialAction\":[{\"@type\":\"SearchAction\",\"target\":{\"@type\":\"EntryPoint\",\"urlTemplate\":\"https:\/\/www.driver.paris\/?s={search_term_string}\"},\"query-input\":{\"@type\":\"PropertyValueSpecification\",\"valueRequired\":true,\"valueName\":\"search_term_string\"}}],\"inLanguage\":\"en-US\"}]}<\/script>\n<!-- \/ Yoast SEO Premium plugin. -->","yoast_head_json":{"title":"Car with Chauffeur for Paris CDG Airport","description":"Book a Car with Chauffeur for your transfers to or from CDG Airport. Enjoy a High-End Transportation Service to or from Paris\u2019 main international airport.","robots":{"index":"index","follow":"follow","max-snippet":"max-snippet:-1","max-image-preview":"max-image-preview:large","max-video-preview":"max-video-preview:-1"},"canonical":"https:\/\/www.driver.paris\/transfert-aeroport-paris-cdg\/","og_locale":"en_US","og_type":"article","og_title":"A\u00e9roport Paris CDG","og_description":"Book a Car with Chauffeur for your transfers to or from CDG Airport. Enjoy a High-End Transportation Service to or from Paris\u2019 main international airport.","og_url":"https:\/\/www.driver.paris\/transfert-aeroport-paris-cdg\/","og_site_name":"Karline","article_modified_time":"2025-10-08T08:46:06+00:00","og_image":[{"width":1024,"height":557,"url":"https:\/\/www.driver.paris\/wp-content\/uploads\/2024\/06\/\u2014-TRANSFERTS-DEPUIS-ET-VERS-LES-AEROPORTS-ET-GARES-DE-PARIS-ET-SA-REGION-1024x557.jpg","type":"image\/jpeg"}],"twitter_card":"summary_large_image","twitter_misc":{"Est. reading time":"1 minute"},"schema":{"@context":"https:\/\/schema.org","@graph":[{"@type":"WebPage","@id":"https:\/\/www.driver.paris\/transfert-aeroport-paris-cdg\/","url":"https:\/\/www.driver.paris\/transfert-aeroport-paris-cdg\/","name":"Car with Chauffeur for Paris CDG Airport","isPartOf":{"@id":"https:\/\/www.driver.paris\/#website"},"primaryImageOfPage":{"@id":"https:\/\/www.driver.paris\/transfert-aeroport-paris-cdg\/#primaryimage"},"image":{"@id":"https:\/\/www.driver.paris\/transfert-aeroport-paris-cdg\/#primaryimage"},"thumbnailUrl":"https:\/\/www.driver.paris\/wp-content\/uploads\/2024\/06\/\u2014-TRANSFERTS-DEPUIS-ET-VERS-LES-AEROPORTS-ET-GARES-DE-PARIS-ET-SA-REGION.jpg","datePublished":"2024-07-19T10:53:29+00:00","dateModified":"2025-10-08T08:46:06+00:00","description":"Book a Car with Chauffeur for your transfers to or from CDG Airport. Enjoy a High-End Transportation Service to or from Paris\u2019 main international airport.","breadcrumb":{"@id":"https:\/\/www.driver.paris\/transfert-aeroport-paris-cdg\/#breadcrumb"},"inLanguage":"en-US","potentialAction":[{"@type":"ReadAction","target":["https:\/\/www.driver.paris\/transfert-aeroport-paris-cdg\/"]}]},{"@type":"ImageObject","inLanguage":"en-US","@id":"https:\/\/www.driver.paris\/transfert-aeroport-paris-cdg\/#primaryimage","url":"https:\/\/www.driver.paris\/wp-content\/uploads\/2024\/06\/\u2014-TRANSFERTS-DEPUIS-ET-VERS-LES-AEROPORTS-ET-GARES-DE-PARIS-ET-SA-REGION.jpg","contentUrl":"https:\/\/www.driver.paris\/wp-content\/uploads\/2024\/06\/\u2014-TRANSFERTS-DEPUIS-ET-VERS-LES-AEROPORTS-ET-GARES-DE-PARIS-ET-SA-REGION.jpg","width":4581,"height":2492,"caption":"Vue de l'a\u00e9roport Charles de Gaulle (CDG) \u00e0 Paris, point de d\u00e9part pour un service de transfert priv\u00e9 avec chauffeur."},{"@type":"BreadcrumbList","@id":"https:\/\/www.driver.paris\/transfert-aeroport-paris-cdg\/#breadcrumb","itemListElement":[{"@type":"ListItem","position":1,"name":"Home","item":"https:\/\/www.driver.paris\/en\/"},{"@type":"ListItem","position":2,"name":"A\u00e9roport Paris CDG"}]},{"@type":"WebSite","@id":"https:\/\/www.driver.paris\/#website","url":"https:\/\/www.driver.paris\/","name":"Driver.Paris by Karline","description":"Driver.Paris","alternateName":"Karline","potentialAction":[{"@type":"SearchAction","target":{"@type":"EntryPoint","urlTemplate":"https:\/\/www.driver.paris\/?s={search_term_string}"},"query-input":{"@type":"PropertyValueSpecification","valueRequired":true,"valueName":"search_term_string"}}],"inLanguage":"en-US"}]}},"_links":{"self":[{"href":"https:\/\/www.driver.paris\/en\/wp-json\/wp\/v2\/pages\/11831"}],"collection":[{"href":"https:\/\/www.driver.paris\/en\/wp-json\/wp\/v2\/pages"}],"about":[{"href":"https:\/\/www.driver.paris\/en\/wp-json\/wp\/v2\/types\/page"}],"author":[{"embeddable":true,"href":"https:\/\/www.driver.paris\/en\/wp-json\/wp\/v2\/users\/1"}],"replies":[{"embeddable":true,"href":"https:\/\/www.driver.paris\/en\/wp-json\/wp\/v2\/comments?post=11831"}],"version-history":[{"count":22,"href":"https:\/\/www.driver.paris\/en\/wp-json\/wp\/v2\/pages\/11831\/revisions"}],"predecessor-version":[{"id":12882,"href":"https:\/\/www.driver.paris\/en\/wp-json\/wp\/v2\/pages\/11831\/revisions\/12882"}],"wp:featuredmedia":[{"embeddable":true,"href":"https:\/\/www.driver.paris\/en\/wp-json\/wp\/v2\/media\/10496"}],"wp:attachment":[{"href":"https:\/\/www.driver.paris\/en\/wp-json\/wp\/v2\/media?parent=11831"}],"curies":[{"name":"wp","href":"https:\/\/api.w.org\/{rel}","templated":true}]}}